{"id":1507,"date":"2026-03-03T15:08:14","date_gmt":"2026-03-03T12:08:14","guid":{"rendered":"https:\/\/suembutik.com\/?post_type=product&#038;p=1507"},"modified":"2026-03-03T15:08:14","modified_gmt":"2026-03-03T12:08:14","slug":"kiz-cocuk-ekose-sort-etekli-takim","status":"publish","type":"product","link":"https:\/\/suembutik.com\/index.php\/urun\/kiz-cocuk-ekose-sort-etekli-takim\/","title":{"rendered":"K\u0131z \u00c7ocuk Ekose \u015eort Etekli Tak\u0131m"},"content":{"rendered":"","protected":false},"excerpt":{"rendered":"","protected":false},"featured_media":1509,"comment_status":"open","ping_status":"closed","template":"","meta":[],"product_brand":[],"product_cat":[25,72],"product_tag":[],"class_list":{"0":"post-1507","1":"product","2":"type-product","3":"status-publish","4":"has-post-thumbnail","6":"product_cat-cocuk-giyim","7":"product_cat-kiz-cocuk","9":"first","10":"instock","11":"shipping-taxable","12":"purchasable","13":"product-type-variable"},"_links":{"self":[{"href":"https:\/\/suembutik.com\/index.php\/wp-json\/wp\/v2\/product\/1507","targetHints":{"allow":["GET"]}}],"collection":[{"href":"https:\/\/suembutik.com\/index.php\/wp-json\/wp\/v2\/product"}],"about":[{"href":"https:\/\/suembutik.com\/index.php\/wp-json\/wp\/v2\/types\/product"}],"replies":[{"embeddable":true,"href":"https:\/\/suembutik.com\/index.php\/wp-json\/wp\/v2\/comments?post=1507"}],"version-history":[{"count":1,"href":"https:\/\/suembutik.com\/index.php\/wp-json\/wp\/v2\/product\/1507\/revisions"}],"predecessor-version":[{"id":1513,"href":"https:\/\/suembutik.com\/index.php\/wp-json\/wp\/v2\/product\/1507\/revisions\/1513"}],"wp:featuredmedia":[{"embeddable":true,"href":"https:\/\/suembutik.com\/index.php\/wp-json\/wp\/v2\/media\/1509"}],"wp:attachment":[{"href":"https:\/\/suembutik.com\/index.php\/wp-json\/wp\/v2\/media?parent=1507"}],"wp:term":[{"taxonomy":"product_brand","embeddable":true,"href":"https:\/\/suembutik.com\/index.php\/wp-json\/wp\/v2\/product_brand?post=1507"},{"taxonomy":"product_cat","embeddable":true,"href":"https:\/\/suembutik.com\/index.php\/wp-json\/wp\/v2\/product_cat?post=1507"},{"taxonomy":"product_tag","embeddable":true,"href":"https:\/\/suembutik.com\/index.php\/wp-json\/wp\/v2\/product_tag?post=1507"}],"curies":[{"name":"wp","href":"https:\/\/api.w.org\/{rel}","templated":true}]}}