{"id":1476,"date":"2026-03-03T14:51:35","date_gmt":"2026-03-03T11:51:35","guid":{"rendered":"https:\/\/suembutik.com\/?post_type=product&#038;p=1476"},"modified":"2026-03-03T14:51:35","modified_gmt":"2026-03-03T11:51:35","slug":"erkek-cocuk-papyonlu-kirmizi-gomlek","status":"publish","type":"product","link":"https:\/\/suembutik.com\/index.php\/urun\/erkek-cocuk-papyonlu-kirmizi-gomlek\/","title":{"rendered":"Erkek \u00c7ocuk Papyonlu K\u0131rm\u0131z\u0131 G\u00f6mlek"},"content":{"rendered":"","protected":false},"excerpt":{"rendered":"","protected":false},"featured_media":1477,"comment_status":"open","ping_status":"closed","template":"","meta":[],"product_brand":[],"product_cat":[25,73],"product_tag":[],"class_list":{"0":"post-1476","1":"product","2":"type-product","3":"status-publish","4":"has-post-thumbnail","6":"product_cat-cocuk-giyim","7":"product_cat-erkek-cocuk","9":"first","10":"instock","11":"shipping-taxable","12":"purchasable","13":"product-type-variable"},"_links":{"self":[{"href":"https:\/\/suembutik.com\/index.php\/wp-json\/wp\/v2\/product\/1476","targetHints":{"allow":["GET"]}}],"collection":[{"href":"https:\/\/suembutik.com\/index.php\/wp-json\/wp\/v2\/product"}],"about":[{"href":"https:\/\/suembutik.com\/index.php\/wp-json\/wp\/v2\/types\/product"}],"replies":[{"embeddable":true,"href":"https:\/\/suembutik.com\/index.php\/wp-json\/wp\/v2\/comments?post=1476"}],"version-history":[{"count":1,"href":"https:\/\/suembutik.com\/index.php\/wp-json\/wp\/v2\/product\/1476\/revisions"}],"predecessor-version":[{"id":1484,"href":"https:\/\/suembutik.com\/index.php\/wp-json\/wp\/v2\/product\/1476\/revisions\/1484"}],"wp:featuredmedia":[{"embeddable":true,"href":"https:\/\/suembutik.com\/index.php\/wp-json\/wp\/v2\/media\/1477"}],"wp:attachment":[{"href":"https:\/\/suembutik.com\/index.php\/wp-json\/wp\/v2\/media?parent=1476"}],"wp:term":[{"taxonomy":"product_brand","embeddable":true,"href":"https:\/\/suembutik.com\/index.php\/wp-json\/wp\/v2\/product_brand?post=1476"},{"taxonomy":"product_cat","embeddable":true,"href":"https:\/\/suembutik.com\/index.php\/wp-json\/wp\/v2\/product_cat?post=1476"},{"taxonomy":"product_tag","embeddable":true,"href":"https:\/\/suembutik.com\/index.php\/wp-json\/wp\/v2\/product_tag?post=1476"}],"curies":[{"name":"wp","href":"https:\/\/api.w.org\/{rel}","templated":true}]}}