{"id":1059,"date":"2026-02-24T12:10:08","date_gmt":"2026-02-24T09:10:08","guid":{"rendered":"https:\/\/suembutik.com\/?post_type=product&#038;p=1059"},"modified":"2026-02-28T15:58:31","modified_gmt":"2026-02-28T12:58:31","slug":"yirtmac-etek-hirka-takim","status":"publish","type":"product","link":"https:\/\/suembutik.com\/index.php\/urun\/yirtmac-etek-hirka-takim\/","title":{"rendered":"Y\u0131rtma\u00e7 Etek H\u0131rka Tak\u0131m"},"content":{"rendered":"","protected":false},"excerpt":{"rendered":"","protected":false},"featured_media":1060,"comment_status":"open","ping_status":"closed","template":"","meta":[],"product_brand":[],"product_cat":[28],"product_tag":[],"class_list":{"0":"post-1059","1":"product","2":"type-product","3":"status-publish","4":"has-post-thumbnail","6":"product_cat-takimlar","8":"first","9":"instock","10":"shipping-taxable","11":"purchasable","12":"product-type-variable"},"_links":{"self":[{"href":"https:\/\/suembutik.com\/index.php\/wp-json\/wp\/v2\/product\/1059","targetHints":{"allow":["GET"]}}],"collection":[{"href":"https:\/\/suembutik.com\/index.php\/wp-json\/wp\/v2\/product"}],"about":[{"href":"https:\/\/suembutik.com\/index.php\/wp-json\/wp\/v2\/types\/product"}],"replies":[{"embeddable":true,"href":"https:\/\/suembutik.com\/index.php\/wp-json\/wp\/v2\/comments?post=1059"}],"version-history":[{"count":1,"href":"https:\/\/suembutik.com\/index.php\/wp-json\/wp\/v2\/product\/1059\/revisions"}],"predecessor-version":[{"id":1062,"href":"https:\/\/suembutik.com\/index.php\/wp-json\/wp\/v2\/product\/1059\/revisions\/1062"}],"wp:featuredmedia":[{"embeddable":true,"href":"https:\/\/suembutik.com\/index.php\/wp-json\/wp\/v2\/media\/1060"}],"wp:attachment":[{"href":"https:\/\/suembutik.com\/index.php\/wp-json\/wp\/v2\/media?parent=1059"}],"wp:term":[{"taxonomy":"product_brand","embeddable":true,"href":"https:\/\/suembutik.com\/index.php\/wp-json\/wp\/v2\/product_brand?post=1059"},{"taxonomy":"product_cat","embeddable":true,"href":"https:\/\/suembutik.com\/index.php\/wp-json\/wp\/v2\/product_cat?post=1059"},{"taxonomy":"product_tag","embeddable":true,"href":"https:\/\/suembutik.com\/index.php\/wp-json\/wp\/v2\/product_tag?post=1059"}],"curies":[{"name":"wp","href":"https:\/\/api.w.org\/{rel}","templated":true}]}}